{"id":1640,"date":"2024-09-29T16:38:48","date_gmt":"2024-09-29T21:38:48","guid":{"rendered":"https:\/\/crecehaircenter.com\/web\/?page_id=1640"},"modified":"2024-09-30T09:42:21","modified_gmt":"2024-09-30T14:42:21","slug":"terapia-capilar","status":"publish","type":"page","link":"https:\/\/crecehaircenter.com\/web\/terapia-capilar\/","title":{"rendered":"Terapia Capilar"},"content":{"rendered":"<img decoding=\"async\" data-src=\"https:\/\/crecehaircenter.com\/web\/wp-content\/uploads\/2024\/09\/459577256_1058084045874270_3207810345037790366_n-1024x743.jpg\" alt=\"terapia capilar\" itemprop=\"image\" height=\"711\" width=\"980\" title=\"terapia capilar\" onerror=\"this.style.display='none'\" src=\"data:image\/gif;base64,R0lGODlhAQABAAAAACH5BAEKAAEALAAAAAABAAEAAAICTAEAOw==\" class=\"lazyload\" style=\"--smush-placeholder-width: 980px; --smush-placeholder-aspect-ratio: 980\/711;\" \/>\n<h2>\n\t\tTerapia Capilar efectiva para la ca\u00edda del cabello\n\t<\/h2>\n\t<p><strong>\u00bfTienes problemas de p\u00e9rdida de cabello? \u00bfHas visto que tu cabello se queda en el cepillo o en la almohada?<\/strong> No te preocupes. Has llegado al lugar indicado. <strong>Nuestra terapia capilar<\/strong> es una opci\u00f3n eficaz y avanzada para tratar la ca\u00edda del cabello y otros problemas capilares.<\/p>\n<p>En <a href=\"https:\/\/crecehaircenter.com\/web\/crece-hair-center-cali\/\" target=\"_blank\" rel=\"noopener\">Crece Hair Center By Dr. Triana<\/a>, nos preocupamos por ti y entendemos tus necesidades capilares, por eso nos hemos especializado en proporcionarte soluciones personalizadas para tu <strong>problema de alopecia o p\u00e9rdida de cabello.<\/strong><\/p>\n<p>Nuestro centro capilar o cl\u00ednica de cabello en Cali cuenta con m\u00e1s de 20 a\u00f1os de experiencia, y nuestro enfoque se ha basado en la investigaci\u00f3n y el desarrollo constante de nuevos tratamientos. Adem\u00e1s, somos el legado de la reconocida familia cale\u00f1a de cirujanos pl\u00e1sticos, los \u00ab<a href=\"https:\/\/drlinatriana.com\/\" target=\"_blank\" rel=\"noopener\">Doctores Triana<\/a>\u00ab, que acumulan <strong>25 a\u00f1os de trayectoria exitosa en el campo de la medicina est\u00e9tica y capilar<\/strong>.<\/p>\n<h2>\n\t\t\u00bfQuieres hacerte una Terapia Capilar en Cali?\n\t<\/h2>\n\t<p>En Crece Hair Center, tenemos el m\u00e1s completo servicio de <strong>terapia capilar en Cali<\/strong> para quienes buscan <strong>combatir la ca\u00edda del cabello de manera efectiva.<\/strong> Cada tratamiento es personalizado y por eso iniciamos con una <strong>valoraci\u00f3n tricosc\u00f3pica<\/strong> que permite diagnosticar la situaci\u00f3n del cuero cabelludo y del fol\u00edculo piloso.<\/p>\n<p>A partir de esta evaluaci\u00f3n, nuestro equipo de tric\u00f3logos crean para ti un plan de tratamiento que puede incluir una combinaci\u00f3n de terapias y de nuestros exclusivos productos capilares (aprobados por el Invima).<\/p>\n\t\t\t<a href=\"https:\/\/api.whatsapp.com\/send\/?phone=573008548923&#038;text=Hola+Crece+Hair+Center.+Necesito+m%C3%A1s+informaci%C3%B3n+sobre+los+tratamientos+para+la+ca%C3%ADda+del+cabello.&#038;type=phone_number&#038;app_absent=0\" target=\"_self\" rel=\"noopener\">\n\t\t\t\t\t\t\t\u00a1Solicita tu cita aqu\u00ed!\n\t\t\t\t\t<\/a>\n<h3>\n\t\t\u00bfCu\u00e1les son las terapias capilares que ofrecemos a nuestros pacientes? \n\t<\/h3>\n\t\t\t\t<img decoding=\"async\" data-src=\"https:\/\/crecehaircenter.com\/web\/wp-content\/uploads\/2023\/08\/2.jpg\" alt=\"terapia capilar\" itemprop=\"image\" height=\"667\" width=\"1000\" title=\"terapia capilar\" onerror=\"this.style.display='none'\" src=\"data:image\/gif;base64,R0lGODlhAQABAAAAACH5BAEKAAEALAAAAAABAAEAAAICTAEAOw==\" class=\"lazyload\" style=\"--smush-placeholder-width: 1000px; --smush-placeholder-aspect-ratio: 1000\/667;\" \/>\n\t<p>Recuerda que cada uno de nuestros procesos es personalizado y por eso, debes asistir a una cita de valoraci\u00f3n primero. Sin embargo, aqu\u00ed te contamos cu\u00e1les son nuestras terapias de \u00e9xito.<\/p>\n<ul>\n<li>Bioterapia L\u00e1ser<\/li>\n<li>Ozonoterapia Capilar\u00a0\u00a0\u00a0\u00a0\u00a0\u00a0\u00a0\u00a0<\/li>\n<li>Mesoterapia Capilar sin Agujas<\/li>\n<li>Vibromasaje Capilar\u00a0\u00a0\u00a0\u00a0\u00a0\u00a0\u00a0\u00a0\u00a0<\/li>\n<li>Electroporaci\u00f3n Capilar\u00a0<\/li>\n<\/ul>\n\t\t\t<a href=\"https:\/\/api.whatsapp.com\/send\/?phone=573008548923&#038;text=Hola+Crece+Hair+Center.+Necesito+m%C3%A1s+informaci%C3%B3n+sobre+los+tratamientos+para+la+ca%C3%ADda+del+cabello.&#038;type=phone_number&#038;app_absent=0\" target=\"_self\" rel=\"noopener\">\n\t\t\t\t\t\t\t\u00a1Agenda tus Terapias aqu\u00ed!\n\t\t\t\t\t<\/a>\n<h3>\n\t\tTerapias Capilares para Mujeres y Hombres\n\t<\/h3>\n\t<p>Queremos decirte que la ca\u00edda del cabello puede ser causada por m\u00faltiples factores, como desequilibrios hormonales, estr\u00e9s, gen\u00e9tica, deficiencias nutricionales y mucho m\u00e1s. Pero tranquilos, en Crece Hair Center, abordamos cada caso de manera personalizada y dise\u00f1amos un plan de terapias capilares que te devuelven la salud del cuero cabello y promueve el crecimiento.<\/p>\n<h4>\n\t\t\u00bfPor qu\u00e9 elegirnos?\n\t<\/h4>\n\t<p>Cuando t\u00fa eliges Crece Hair Center By Dr. Triana est\u00e1s optando por una cl\u00ednica capilar de confianza con m\u00e1s de dos d\u00e9cadas de experiencia y una trayectoria impecable en la atenci\u00f3n a pacientes con ca\u00edda del cabello. Nuestro equipo son especialistas en tratamientos capilares que emplean las \u00faltimas tecnolog\u00edas y productos capilares aprobados por INVIMA, lo que garantiza resultados seguros y duraderos.<\/p>\n\t\t\t\t<img decoding=\"async\" data-src=\"https:\/\/crecehaircenter.com\/web\/wp-content\/uploads\/2024\/05\/banner1-1.jpg\" alt=\"tratamiento para la caida del cabello\" itemprop=\"image\" height=\"813\" width=\"1921\" title=\"tratamiento para la caida del cabello\" onerror=\"this.style.display='none'\" src=\"data:image\/gif;base64,R0lGODlhAQABAAAAACH5BAEKAAEALAAAAAABAAEAAAICTAEAOw==\" class=\"lazyload\" style=\"--smush-placeholder-width: 1921px; --smush-placeholder-aspect-ratio: 1921\/813;\" \/>\n\t\t\t<a href=\"https:\/\/api.whatsapp.com\/send\/?phone=573008548923&#038;text=Hola+Crece+Hair+Center.+Necesito+m%C3%A1s+informaci%C3%B3n+sobre+los+tratamientos+para+la+ca%C3%ADda+del+cabello.&#038;type=phone_number&#038;app_absent=0\" target=\"_self\" rel=\"noopener\">\n\t\t\t\t\t\t\t\u00a1Agenda tus Terapias aqu\u00ed!\n\t\t\t\t\t<\/a>\n\t\t\t\t<img decoding=\"async\" data-src=\"https:\/\/crecehaircenter.com\/web\/wp-content\/uploads\/2020\/11\/crecer-hair_grupopro.jpg\" alt=\"productos capilares\" itemprop=\"image\" height=\"532\" width=\"775\" title=\"productos capilares\" onerror=\"this.style.display='none'\" src=\"data:image\/gif;base64,R0lGODlhAQABAAAAACH5BAEKAAEALAAAAAABAAEAAAICTAEAOw==\" class=\"lazyload\" style=\"--smush-placeholder-width: 775px; --smush-placeholder-aspect-ratio: 775\/532;\" \/>\n\t\t\t\t<img decoding=\"async\" data-src=\"https:\/\/crecehaircenter.com\/web\/wp-content\/uploads\/2020\/09\/crecer-hair_letrero-cool.png\" alt=\"crecer-hair_letrero-cool\" itemprop=\"image\" height=\"293\" width=\"417\" title=\"crecer-hair_letrero-cool\" onerror=\"this.style.display='none'\" src=\"data:image\/gif;base64,R0lGODlhAQABAAAAACH5BAEKAAEALAAAAAABAAEAAAICTAEAOw==\" class=\"lazyload\" style=\"--smush-placeholder-width: 417px; --smush-placeholder-aspect-ratio: 417\/293;\" \/>\n\t\t\t<a href=\"https:\/\/crecehaircenter.com\/web\/cabello\/\" target=\"_self\" rel=\"noopener\">\n\t\t\t\t\t\t\t\u00a1Encu\u00e9ntralos aqu\u00ed!\n\t\t\t\t\t<\/a>","protected":false},"excerpt":{"rendered":"<p>Terapia Capilar efectiva para la ca\u00edda del cabello \u00bfTienes problemas de p\u00e9rdida de cabello? \u00bfHas visto que tu cabello se queda en el cepillo o en la almohada? No te preocupes. Has llegado al lugar indicado. Nuestra terapia capilar es una opci\u00f3n eficaz y avanzada para tratar la ca\u00edda del cabello y otros problemas capilares. [&hellip;]<\/p>\n","protected":false},"author":1,"featured_media":0,"parent":0,"menu_order":0,"comment_status":"closed","ping_status":"closed","template":"","meta":{"_joinchat":[],"footnotes":""},"class_list":["post-1640","page","type-page","status-publish","hentry"],"acf":[],"_links":{"self":[{"href":"https:\/\/crecehaircenter.com\/web\/wp-json\/wp\/v2\/pages\/1640","targetHints":{"allow":["GET"]}}],"collection":[{"href":"https:\/\/crecehaircenter.com\/web\/wp-json\/wp\/v2\/pages"}],"about":[{"href":"https:\/\/crecehaircenter.com\/web\/wp-json\/wp\/v2\/types\/page"}],"author":[{"embeddable":true,"href":"https:\/\/crecehaircenter.com\/web\/wp-json\/wp\/v2\/users\/1"}],"replies":[{"embeddable":true,"href":"https:\/\/crecehaircenter.com\/web\/wp-json\/wp\/v2\/comments?post=1640"}],"version-history":[{"count":7,"href":"https:\/\/crecehaircenter.com\/web\/wp-json\/wp\/v2\/pages\/1640\/revisions"}],"predecessor-version":[{"id":1649,"href":"https:\/\/crecehaircenter.com\/web\/wp-json\/wp\/v2\/pages\/1640\/revisions\/1649"}],"wp:attachment":[{"href":"https:\/\/crecehaircenter.com\/web\/wp-json\/wp\/v2\/media?parent=1640"}],"curies":[{"name":"wp","href":"https:\/\/api.w.org\/{rel}","templated":true}]}}