{"id":960,"date":"2021-05-04T15:17:11","date_gmt":"2021-05-04T15:17:11","guid":{"rendered":"http:\/\/pypgroupsas.com.co\/crece\/?page_id=960"},"modified":"2025-01-14T11:51:54","modified_gmt":"2025-01-14T16:51:54","slug":"prductos-hombre","status":"publish","type":"page","link":"https:\/\/crecehaircenter.com\/web\/prductos-hombre\/","title":{"rendered":"Productos hombre"},"content":{"rendered":"<p>Linea Dermo Hair Hombre<\/p>\n\t<p>(Pacientes activos tratamiento integral)<\/p>\n\t\t\t\t<img decoding=\"async\" data-src=\"https:\/\/crecehaircenter.com\/web\/wp-content\/uploads\/2020\/10\/acondicionador-energizante-hombre.jpg\" alt=\"acondicionador-energizante-hombre\" itemprop=\"image\" title=\"acondicionador-energizante-hombre\" onerror=\"this.style.display='none'\" width=\"800\" height=\"800\" src=\"data:image\/gif;base64,R0lGODlhAQABAAAAACH5BAEKAAEALAAAAAABAAEAAAICTAEAOw==\" class=\"lazyload\" style=\"--smush-placeholder-width: 800px; --smush-placeholder-aspect-ratio: 800\/800;\">\n<h2>\n\t\tAcondicionador energizante hombre\n\t<\/h2>\n    <a onclick=\"modalItem('Acondicionador-energizante-hombre');\">A\u00f1adir al carrito<\/a>\n\t\t\t\t<img decoding=\"async\" data-src=\"https:\/\/crecehaircenter.com\/web\/wp-content\/uploads\/2020\/09\/limpiador-enzimatico-hombre.jpg\" alt=\"limpiador-enzimatico-hombre\" itemprop=\"image\" title=\"limpiador-enzimatico-hombre\" onerror=\"this.style.display='none'\" width=\"800\" height=\"800\" src=\"data:image\/gif;base64,R0lGODlhAQABAAAAACH5BAEKAAEALAAAAAABAAEAAAICTAEAOw==\" class=\"lazyload\" style=\"--smush-placeholder-width: 800px; --smush-placeholder-aspect-ratio: 800\/800;\">\n<h2>\n\t\tLimpiador enzim\u00e1tico hombre\n\t<\/h2>\n    <a onclick=\"modalItem('Limpiador-enzim\u00e1tico-hombre');\">A\u00f1adir al carrito<\/a>\n\t\t\t\t<img decoding=\"async\" data-src=\"https:\/\/crecehaircenter.com\/web\/wp-content\/uploads\/2020\/10\/hair-clean-hombre.jpg\" alt=\"hair-clean-hombre\" itemprop=\"image\" title=\"hair-clean-hombre\" onerror=\"this.style.display='none'\" width=\"800\" height=\"800\" src=\"data:image\/gif;base64,R0lGODlhAQABAAAAACH5BAEKAAEALAAAAAABAAEAAAICTAEAOw==\" class=\"lazyload\" style=\"--smush-placeholder-width: 800px; --smush-placeholder-aspect-ratio: 800\/800;\">\n<h2>\n\t\tHair clean hombre\n\t<\/h2>\n    <a onclick=\"modalItem('Hair-clear-hombre');\">A\u00f1adir al carrito<\/a>\n\t\t\t\t<img decoding=\"async\" data-src=\"https:\/\/crecehaircenter.com\/web\/wp-content\/uploads\/2020\/10\/locin-regenerante-hombre.jpg\" alt=\"locin-regenerante-hombre\" itemprop=\"image\" title=\"locin-regenerante-hombre\" onerror=\"this.style.display='none'\" width=\"800\" height=\"800\" src=\"data:image\/gif;base64,R0lGODlhAQABAAAAACH5BAEKAAEALAAAAAABAAEAAAICTAEAOw==\" class=\"lazyload\" style=\"--smush-placeholder-width: 800px; --smush-placeholder-aspect-ratio: 800\/800;\">\n<h2>\n\t\tLoci\u00f3n regenerante hombre\n\t<\/h2>\n    <a onclick=\"modalItem('Locion-regenerante-hombre');\">A\u00f1adir al carrito<\/a>\n\t\t\t\t<img decoding=\"async\" data-src=\"https:\/\/crecehaircenter.com\/web\/wp-content\/uploads\/2020\/10\/complejo-revitalizante-hombre.jpg\" alt=\"complejo-revitalizante-hombre\" itemprop=\"image\" title=\"complejo-revitalizante-hombre\" onerror=\"this.style.display='none'\" width=\"800\" height=\"800\" src=\"data:image\/gif;base64,R0lGODlhAQABAAAAACH5BAEKAAEALAAAAAABAAEAAAICTAEAOw==\" class=\"lazyload\" style=\"--smush-placeholder-width: 800px; --smush-placeholder-aspect-ratio: 800\/800;\">\n<h2>\n\t\tComplejo revitalizante hombre\n\t<\/h2>\n    <a onclick=\"modalItem('Complejo-revitalizante-hombre');\">A\u00f1adir al carrito<\/a>\n\t\t\t\t<img decoding=\"async\" data-src=\"https:\/\/crecehaircenter.com\/web\/wp-content\/uploads\/2020\/09\/renew-vit-prod01.jpg\" alt=\"renew-vit-prod01\" itemprop=\"image\" title=\"renew-vit-prod01\" onerror=\"this.style.display='none'\" width=\"800\" height=\"800\" src=\"data:image\/gif;base64,R0lGODlhAQABAAAAACH5BAEKAAEALAAAAAABAAEAAAICTAEAOw==\" class=\"lazyload\" style=\"--smush-placeholder-width: 800px; --smush-placeholder-aspect-ratio: 800\/800;\">\n<h2>\n\t\tComplejo renew-vit hombre\n\t<\/h2>\n    <a onclick=\"modalItem('Complejo-Renew-vit');\">A\u00f1adir al carrito<\/a>\n\t<p>Kits<\/p>\n\t\t\t\t<img decoding=\"async\" data-src=\"https:\/\/crecehaircenter.com\/web\/wp-content\/uploads\/2020\/10\/kitcompletohombre.png\" alt=\"kitcompletohombre\" itemprop=\"image\" title=\"kitcompletohombre\" onerror=\"this.style.display='none'\" width=\"800\" height=\"800\" src=\"data:image\/gif;base64,R0lGODlhAQABAAAAACH5BAEKAAEALAAAAAABAAEAAAICTAEAOw==\" class=\"lazyload\" style=\"--smush-placeholder-width: 800px; --smush-placeholder-aspect-ratio: 800\/800;\">\n<h2>\n\t\tKit completo\n\t<\/h2>\n    <a onclick=\"modalItem('kit-completo');\">A\u00f1adir al carrito<\/a>\n\t\t\t\t<img decoding=\"async\" data-src=\"https:\/\/crecehaircenter.com\/web\/wp-content\/uploads\/2020\/10\/completo-hombre.png\" alt=\"completo-hombre\" itemprop=\"image\" title=\"completo-hombre\" onerror=\"this.style.display='none'\" width=\"800\" height=\"800\" src=\"data:image\/gif;base64,R0lGODlhAQABAAAAACH5BAEKAAEALAAAAAABAAEAAAICTAEAOw==\" class=\"lazyload\" style=\"--smush-placeholder-width: 800px; --smush-placeholder-aspect-ratio: 800\/800;\">\n<h2>\n\t\tKit completo + Crema nutre\n\t<\/h2>\n    <a onclick=\"modalItem('kit-completo-crema');\">A\u00f1adir al carrito<\/a>\n\t\t\t\t<img decoding=\"async\" data-src=\"https:\/\/crecehaircenter.com\/web\/wp-content\/uploads\/2020\/10\/kithombre-acondi.png\" alt=\"kithombre-acondi\" itemprop=\"image\" title=\"kithombre-acondi\" onerror=\"this.style.display='none'\" width=\"800\" height=\"800\" src=\"data:image\/gif;base64,R0lGODlhAQABAAAAACH5BAEKAAEALAAAAAABAAEAAAICTAEAOw==\" class=\"lazyload\" style=\"--smush-placeholder-width: 800px; --smush-placeholder-aspect-ratio: 800\/800;\">\n<h2>\n\t\tKit completo &#8211; Sin acondicionador\n\t<\/h2>\n    <a onclick=\"modalItem('kit-completo-acondicionador');\">A\u00f1adir al carrito<\/a>","protected":false},"excerpt":{"rendered":"<p>Linea Dermo Hair Hombre (Pacientes activos tratamiento integral) Acondicionador energizante hombre A\u00f1adir al carrito Limpiador enzim\u00e1tico hombre A\u00f1adir al carrito Hair clean hombre A\u00f1adir al carrito Loci\u00f3n regenerante hombre A\u00f1adir al carrito Complejo revitalizante hombre A\u00f1adir al carrito Complejo renew-vit hombre A\u00f1adir al carrito Kits Kit completo A\u00f1adir al carrito Kit completo + Crema nutre [&hellip;]<\/p>\n","protected":false},"author":1,"featured_media":0,"parent":0,"menu_order":0,"comment_status":"closed","ping_status":"closed","template":"template-fullwidth.php","meta":{"_joinchat":[],"footnotes":""},"class_list":["post-960","page","type-page","status-publish","hentry"],"acf":[],"_links":{"self":[{"href":"https:\/\/crecehaircenter.com\/web\/wp-json\/wp\/v2\/pages\/960","targetHints":{"allow":["GET"]}}],"collection":[{"href":"https:\/\/crecehaircenter.com\/web\/wp-json\/wp\/v2\/pages"}],"about":[{"href":"https:\/\/crecehaircenter.com\/web\/wp-json\/wp\/v2\/types\/page"}],"author":[{"embeddable":true,"href":"https:\/\/crecehaircenter.com\/web\/wp-json\/wp\/v2\/users\/1"}],"replies":[{"embeddable":true,"href":"https:\/\/crecehaircenter.com\/web\/wp-json\/wp\/v2\/comments?post=960"}],"version-history":[{"count":2,"href":"https:\/\/crecehaircenter.com\/web\/wp-json\/wp\/v2\/pages\/960\/revisions"}],"predecessor-version":[{"id":1400,"href":"https:\/\/crecehaircenter.com\/web\/wp-json\/wp\/v2\/pages\/960\/revisions\/1400"}],"wp:attachment":[{"href":"https:\/\/crecehaircenter.com\/web\/wp-json\/wp\/v2\/media?parent=960"}],"curies":[{"name":"wp","href":"https:\/\/api.w.org\/{rel}","templated":true}]}}